{"id":53,"date":"2023-09-10T14:17:46","date_gmt":"2023-09-10T11:17:46","guid":{"rendered":"https:\/\/eraydin.cakirca.com.tr\/?page_id=53"},"modified":"2023-09-10T14:26:25","modified_gmt":"2023-09-10T11:26:25","slug":"aydinlatma-metni","status":"publish","type":"page","link":"https:\/\/www.erolive.com.tr\/tr\/aydinlatma-metni\/","title":{"rendered":"KVKK ve Ayd\u0131nlatma Metni"},"content":{"rendered":"\n<p><strong>www.erolive.com.tr K\u0130\u015e\u0130SEL VER\u0130LER\u0130N KORUNMASI VE \u0130\u015eLENMES\u0130<\/strong><\/p>\n\n\n\n<p><strong>1. TANIMLAR<\/strong><\/p>\n\n\n\n<p>\u0130\u015f bu ayd\u0131nlatma metninde ge\u00e7en;<\/p>\n\n\n\n<p>Ki\u015fisel Veri: Kimli\u011fi belirli veya belirlenebilir ger\u00e7ek ki\u015fiye ili\u015fkin her t\u00fcrl\u00fc bilgiyi,<\/p>\n\n\n\n<p>Ki\u015fisel Verilerin Korunmas\u0131 Kanunu (K.V.K.K.): 7 Nisan 2016 tarihinde Resmi Gazete\u2019de yay\u0131nlanarak y\u00fcr\u00fcrl\u00fc\u011fe giren 6698 say\u0131l\u0131 Ki\u015fisel Verilerin Korunmas\u0131 Kanunu\u2019nu,<\/p>\n\n\n\n<p>Veri \u0130\u015fleyen: Veri Sorumlusunun verdi\u011fi yetkiye dayanarak onun ad\u0131na ki\u015fisel verileri i\u015fleyen ger\u00e7ek veya t\u00fczel ki\u015fiyi,<\/p>\n\n\n\n<p>Veri Sorumlusu: Ki\u015fisel Verilerin i\u015fleme ama\u00e7lar\u0131n\u0131 ve vas\u0131talar\u0131n\u0131 belirleyen, veri kay\u0131t sisteminin kurulmas\u0131ndan ve y\u00f6netilmesinden sorumlu olan ger\u00e7ek veya t\u00fczel ki\u015fiyi, ifade eder.<\/p>\n\n\n\n<p>www.erolive.com.tr, 6698 say\u0131l\u0131 Ki\u015fisel Verilerin Korunmas\u0131 Kanunu (K.V.K.K.) uyar\u0131nca, Veri Sorumlusu s\u0131fat\u0131yla, sizi K.V.K.K. kapsam\u0131ndaki ayd\u0131nlatma y\u00fck\u00fcml\u00fcl\u00fc\u011f\u00fcm\u00fcz \u00e7er\u00e7evesinde, ki\u015fisel verilerinizin toplanma y\u00f6ntemleri ve hukuki sebepleri, ki\u015fisel verilerinizi koruma y\u00f6ntemlerimiz ve politikam\u0131z, i\u015flenen ki\u015fisel veri \u00f6rnekleri, veri sorumlusunun kimli\u011fi, ki\u015fisel verilerin i\u015flenme ama\u00e7lar\u0131, ki\u015fisel verilerinizin \u00fc\u00e7\u00fcnc\u00fc ki\u015filere ve\/veya yurtd\u0131\u015f\u0131na aktar\u0131m\u0131 ve K.V.K.K. kapsam\u0131nda size tan\u0131nan haklara ili\u015fkin olarak bilgilendirmek istiyoruz.<\/p>\n\n\n\n<p><strong>2. VER\u0130 SORUMLUSUNUN K\u0130ML\u0130\u011e\u0130<\/strong><\/p>\n\n\n\n<p>K.V.K.K. uyar\u0131nca muhatap \u201cVeri Sorumlusu\u201d XX Ticaret Sicili nezdinde 00000 sicil numaras\u0131 ile kay\u0131tl\u0131, 0000000000000000 Mersis numaral\u0131, \u015firket merkezi adresinde bulunan www.erolive.com.tr\u2019dir.<\/p>\n\n\n\n<p><strong>3. K\u0130\u015e\u0130SEL VER\u0130LER\u0130N\u0130Z\u0130N \u0130\u015eLENME AMA\u00c7LARI<\/strong><\/p>\n\n\n\n<p>Ki\u015fisel Verileriniz K.V.K.K. Madde 5.2 ve Madde 6.3 kapsam\u0131nda kanuni y\u00fck\u00fcml\u00fcl\u00fcklerimizi yerine getirmek, bir s\u00f6zle\u015fmenin kurulmas\u0131 veya ifas\u0131, hukuki y\u00fck\u00fcml\u00fcl\u00fcklerimizi yerine getirmek, bir hakk\u0131n tesisi, kullan\u0131lmas\u0131 veya korunmas\u0131 ve temel hak ve \u00f6zg\u00fcrl\u00fcklerinize zarar vermeksizin, me\u015fru menfaatlerimizin korunmas\u0131 amac\u0131yla ve alenile\u015ftirdi\u011finiz ki\u015fisel veriler bak\u0131m\u0131ndan a\u00e7\u0131k r\u0131zan\u0131z olmaks\u0131z\u0131n i\u015flenebilmektedir. Ki\u015fisel verileriniz internet sitemizde yer alan Gizlilik Politikam\u0131z\u2019da belirtilen ama\u00e7lar d\u00e2hilinde K.V.K.K. Madde 5.1 ve Madde 6.2 kapsam\u0131nda a\u00e7\u0131k r\u0131zan\u0131za istinaden i\u015flenecektir. Ayr\u0131ca sizlerin be\u011feni, kullan\u0131m al\u0131\u015fkanl\u0131klar\u0131 ve ihtiya\u00e7lar\u0131na g\u00f6re \u00f6zelle\u015ftirilerek sizlere \u00f6nerilmesi ve tan\u0131t\u0131lmas\u0131 i\u00e7in gerekli olan aktivitelerin planlanmas\u0131 ve icras\u0131 i\u00e7in Ki\u015fisel Verileriniz a\u00e7\u0131k r\u0131zan\u0131za istinaden i\u015flenecektir.<\/p>\n\n\n\n<p><strong>4. K\u0130\u015e\u0130SEL VER\u0130LER\u0130N\u0130Z\u0130N \u00dc\u00c7\u00dcNC\u00dc K\u0130\u015e\u0130LERE VE\/VEYA YURTDI\u015eINA AKTARILMASI<\/strong><\/p>\n\n\n\n<p>Ki\u015fisel Verileriniz yukar\u0131da K.V.K.K. Madde 5.2 ve Madde 6.3 kapsam\u0131nda belirlenen ama\u00e7lar\u0131n varl\u0131\u011f\u0131 halinde a\u00e7\u0131k r\u0131zan\u0131z aranmaks\u0131z\u0131n yahut Ayd\u0131nlatma Metni\u2019nde yer alan ama\u00e7larla K.V.K.K. Madde 5.1 ve Madde 6.3 kapsam\u0131nda a\u00e7\u0131k r\u0131zan\u0131za istinaden yurti\u00e7inde ve yurtd\u0131\u015f\u0131nda bulunan depolama, ar\u015fivleme, bili\u015fim teknolojileri deste\u011fi (sunucu, hosting, program, bulut bili\u015fim), g\u00fcvenlik, \u00e7a\u011fr\u0131 merkezi, sat\u0131\u015f, pazarlama gibi alanlarda destek ald\u0131\u011f\u0131m\u0131z \u00fc\u00e7\u00fcnc\u00fc ki\u015filerle, i\u015fbirli\u011fi yap\u0131lan ve\/veya hizmet al\u0131nan grup \u015firketleri, GSM Operat\u00f6rleri, i\u015f ortaklar\u0131, tedarik\u00e7i firmalar, bankalar, finans kurulu\u015flar\u0131, hukuk, vergi vb. benzeri alanlarda destek al\u0131nan dan\u0131\u015fmanl\u0131k firmalar\u0131, sat\u0131\u015f, pazarlama ve www.erolive.com.tr\u2019un faaliyetleri ile ilgili sair alanlarda destek veren \u00fc\u00e7\u00fcnc\u00fc ki\u015filere (e-posta g\u00f6nderimi, kampanya olu\u015fturulmas\u0131 amac\u0131 ile reklam firmalar\u0131, CRM deste\u011fi veren firmalar ve benzeri) ile kurum ve kurulu\u015flara aktar\u0131labilmektedir.<\/p>\n\n\n\n<p><strong>5. K\u0130\u015e\u0130SEL VER\u0130 SAH\u0130B\u0130 OLARAK KANUN\u2019UN 11. MADDES\u0130NDE SAYILAN HAKLARINIZ<\/strong><\/p>\n\n\n\n<p>Ki\u015fisel veri sahibi olarak Kanun\u2019un 11. maddesi uyar\u0131nca a\u015fa\u011f\u0131daki haklara sahip oldu\u011funuzu bildiririz:<\/p>\n\n\n\n<p>Ki\u015fisel verilerinizin i\u015flenip i\u015flenmedi\u011fini \u00f6\u011frenme,<\/p>\n\n\n\n<p>Ki\u015fisel verileriniz i\u015flenmi\u015fse buna ili\u015fkin bilgi talep etme,<\/p>\n\n\n\n<p>Ki\u015fisel verilerinizin i\u015flenme amac\u0131n\u0131 ve bunlar\u0131n amac\u0131na uygun kullan\u0131l\u0131p kullan\u0131lmad\u0131\u011f\u0131n\u0131 \u00f6\u011frenme,<\/p>\n\n\n\n<p>Yurt i\u00e7inde veya yurt d\u0131\u015f\u0131nda ki\u015fisel verilerinizin aktar\u0131ld\u0131\u011f\u0131 \u00fc\u00e7\u00fcnc\u00fc ki\u015fileri bilme,<\/p>\n\n\n\n<p>Ki\u015fisel verilerinizin eksik veya yanl\u0131\u015f i\u015flenmi\u015f olmas\u0131 h\u00e2linde bunlar\u0131n d\u00fczeltilmesini isteme ve bu kapsamda yap\u0131lan i\u015flemin ki\u015fisel verilerinizin aktar\u0131ld\u0131\u011f\u0131 \u00fc\u00e7\u00fcnc\u00fc ki\u015filere bildirilmesini isteme,<\/p>\n\n\n\n<p>Kanun\u2019a ve ilgili di\u011fer kanun h\u00fck\u00fcmlerine uygun olarak i\u015flenmi\u015f olmas\u0131na ra\u011fmen, i\u015flenmesini gerektiren sebeplerin ortadan kalkmas\u0131 h\u00e2linde ki\u015fisel verilerin silinmesini veya yok edilmesini isteme ve bu kapsamda yap\u0131lan i\u015flemin ki\u015fisel verilerinizin aktar\u0131ld\u0131\u011f\u0131 \u00fc\u00e7\u00fcnc\u00fc ki\u015filere bildirilmesini isteme,<\/p>\n\n\n\n<p>\u0130\u015flenen verilerin m\u00fcnhas\u0131ran otomatik sistemler vas\u0131tas\u0131yla analiz edilmesi suretiyle aleyhinize bir sonucun ortaya \u00e7\u0131kmas\u0131 durumunda buna itiraz etme,<\/p>\n\n\n\n<p>Ki\u015fisel verilerinizin kanuna ayk\u0131r\u0131 olarak i\u015flenmesi sebebiyle zarara u\u011framan\u0131z h\u00e2linde zarar\u0131n giderilmesini talep etme.<\/p>\n\n\n\n<p>Yukar\u0131da s\u0131ralanan haklar\u0131n\u0131za y\u00f6nelik ba\u015fvurular\u0131n\u0131z\u0131, sitemizden ula\u015fabilece\u011finiz \u0130leti\u015fim Formu\u2019nu doldurarak \u015firketimize iletebilirsiniz. Talebinizin niteli\u011fine g\u00f6re en k\u0131sa s\u00fcrede ve en ge\u00e7 otuz g\u00fcn i\u00e7inde ba\u015fvurular\u0131n\u0131z \u00fccretsiz olarak sonu\u00e7land\u0131r\u0131lacakt\u0131r; ancak i\u015flemin ayr\u0131ca bir maliyet gerektirmesi halinde Ki\u015fisel Verileri Koruma Kurulu taraf\u0131ndan belirlenecek tarifeye g\u00f6re taraf\u0131n\u0131zdan \u00fccret talep edilebilecektir.<\/p>\n","protected":false},"excerpt":{"rendered":"<p>www.erolive.com.tr K\u0130\u015e\u0130SEL VER\u0130LER\u0130N KORUNMASI VE \u0130\u015eLENMES\u0130 1. TANIMLAR \u0130\u015f bu ayd\u0131nlatma metninde ge\u00e7en; Ki\u015fisel Veri: Kimli\u011fi belirli veya belirlenebilir ger\u00e7ek ki\u015fiye ili\u015fkin her t\u00fcrl\u00fc bilgiyi, Ki\u015fisel Verilerin Korunmas\u0131 Kanunu (K.V.K.K.): 7 Nisan 2016 tarihinde Resmi Gazete\u2019de yay\u0131nlanarak y\u00fcr\u00fcrl\u00fc\u011fe giren 6698 say\u0131l\u0131 Ki\u015fisel Verilerin Korunmas\u0131 Kanunu\u2019nu, Veri \u0130\u015fleyen: Veri Sorumlusunun verdi\u011fi yetkiye dayanarak onun ad\u0131na ki\u015fisel [&hellip;]<\/p>\n","protected":false},"author":1,"featured_media":0,"parent":0,"menu_order":0,"comment_status":"closed","ping_status":"closed","template":"","meta":{"footnotes":""},"class_list":["post-53","page","type-page","status-publish","hentry"],"_links":{"self":[{"href":"https:\/\/www.erolive.com.tr\/tr\/wp-json\/wp\/v2\/pages\/53"}],"collection":[{"href":"https:\/\/www.erolive.com.tr\/tr\/wp-json\/wp\/v2\/pages"}],"about":[{"href":"https:\/\/www.erolive.com.tr\/tr\/wp-json\/wp\/v2\/types\/page"}],"author":[{"embeddable":true,"href":"https:\/\/www.erolive.com.tr\/tr\/wp-json\/wp\/v2\/users\/1"}],"replies":[{"embeddable":true,"href":"https:\/\/www.erolive.com.tr\/tr\/wp-json\/wp\/v2\/comments?post=53"}],"version-history":[{"count":3,"href":"https:\/\/www.erolive.com.tr\/tr\/wp-json\/wp\/v2\/pages\/53\/revisions"}],"predecessor-version":[{"id":59,"href":"https:\/\/www.erolive.com.tr\/tr\/wp-json\/wp\/v2\/pages\/53\/revisions\/59"}],"wp:attachment":[{"href":"https:\/\/www.erolive.com.tr\/tr\/wp-json\/wp\/v2\/media?parent=53"}],"curies":[{"name":"wp","href":"https:\/\/api.w.org\/{rel}","templated":true}]}}