{"id":55,"date":"2023-09-10T14:18:22","date_gmt":"2023-09-10T11:18:22","guid":{"rendered":"https:\/\/eraydin.cakirca.com.tr\/?page_id=55"},"modified":"2023-09-10T14:24:30","modified_gmt":"2023-09-10T11:24:30","slug":"gizlilik-ve-cerez-politikasi","status":"publish","type":"page","link":"http:\/\/www.erolive.com.tr\/tr\/gizlilik-ve-cerez-politikasi\/","title":{"rendered":"Gizlilik ve \u00c7erez Politikas\u0131"},"content":{"rendered":"\n<p><strong>G\u0130ZL\u0130L\u0130K \u015eARTLARI<\/strong><\/p>\n\n\n\n<p>1. www.erolive.com.tr (\u201c\u015eirket\u201d) taraf\u0131ndan i\u015fletilen \u201cwww.erolive.com.tr\u201d adresindeki internet sitesi (\u201c\u0130nternet Sitesi\u201d), \u0130nternet Sitesini herhangi bir \u015fekilde ziyaret eden ve\/veya kullanan ki\u015filere (\u201cKullan\u0131c\u0131\u201d) daha iyi hizmet verebilmek amac\u0131yla baz\u0131 ki\u015fisel bilgiler (isim, ya\u015f, e-posta adresi, vb.) talep edilmektedir. \u0130nternet Sitesi ile toplanan bu veriler; kampanya \u00e7al\u0131\u015fmalar\u0131 veya Kullan\u0131c\u0131\u2019n\u0131n hesab\u0131na y\u00f6nelik \u00f6zel promosyon faaliyetlerinin yap\u0131labilmesi i\u00e7in \u0130nternet Sitesi b\u00fcnyesinde kullan\u0131lmaktad\u0131r. Ki\u015fisel bilgiler haricinde; \u0130nternet Sitesi \u00fczerinden yap\u0131lan i\u015flemlere ait istatistiksel veriler analiz edilmekte ve saklanmaktad\u0131r.<\/p>\n\n\n\n<p>2. \u015eirket, \u00fcyelik formlar\u0131 ile kendisine iletilen bilgileri, Kullan\u0131c\u0131lar\u2019\u0131n bilgisi veya aksi y\u00f6nde bir talimat\u0131 olmaks\u0131z\u0131n, \u00fc\u00e7\u00fcnc\u00fc \u015fah\u0131slarla kesinlikle payla\u015fmamakta, faaliyet d\u0131\u015f\u0131 hi\u00e7bir nedenle ticari ama\u00e7la kullanmamakta ve satmamaktad\u0131r.<\/p>\n\n\n\n<p>3. \u0130nternet Sitesi i\u00e7eri\u011finde Google Analytics\u2019in Yeniden Pazarlama &amp; Demografi ve \u0130lgi Alan\u0131 Raporlamas\u0131 \u00f6zellikleri kullan\u0131lmaktad\u0131r. Reklam ayarlar\u0131 kullan\u0131larak G\u00f6r\u00fcnt\u00fcl\u00fc Reklamc\u0131l\u0131k i\u00e7in Google Analytics\u2019in kapsam\u0131 d\u0131\u015f\u0131nda kalabilir ve Google G\u00f6r\u00fcnt\u00fcl\u00fc Reklam A\u011f\u0131 reklamlar\u0131 \u00f6zelle\u015ftirilebilir. Google Analytics ile sa\u011flanan demografik bilgiler, \u0130nternet Sitesi\u2019ni ve varsa \u0130nternet Sitesi \u00fczerinden verilen reklamlar\u0131, Kullan\u0131c\u0131lar\u2019\u0131n ilgi alanlar\u0131na g\u00f6re \u00f6zelle\u015ftirmek i\u00e7in kullan\u0131lmaktad\u0131r. \u0130\u015fbu bilgiler, hedef kitle \u00e7al\u0131\u015fmalar\u0131nda kullan\u0131l\u0131rken di\u011fer Kullan\u0131c\u0131lar\u2019a ait bilgilerle birlikte olmak \u00fczere reklam yay\u0131nc\u0131lar\u0131 ile payla\u015f\u0131labilir. Bu bilgiler herhangi bir \u015fekilde ki\u015fisel bilgi (isim, soyad\u0131, T.C Kimlik No, cinsiyet, ya\u015f vb.) i\u00e7ermeyip, grup olarak Kullan\u0131c\u0131 e\u011filimleri ile ilgili \u00e7al\u0131\u015fmalar yapmak ve hedef kitleyi derlemek etmek amac\u0131yla kullan\u0131lmaktad\u0131r. \u0130\u015fbu Gizlilik \u015eartlar\u0131\u2019n\u0131 kabul edilmesiyle, anonim bilgilerin reklam yay\u0131nc\u0131lar\u0131 ile reklam ve tan\u0131t\u0131m amac\u0131yla payla\u015f\u0131lmas\u0131na onay verilmektedir.<\/p>\n\n\n\n<p>4. Google dahil \u00fc\u00e7\u00fcnc\u00fc taraf sa\u011flay\u0131c\u0131lar, \u0130nternet Sitesi reklamlar\u0131n\u0131 internet \u00fczerindeki yay\u0131nc\u0131 sitelerde yer verdikleri banner alanlar\u0131nda g\u00f6sterecektir. Ziyaret\u00e7ilerin \u0130nternet Sitesi\u2019ne ge\u00e7mi\u015fte yapt\u0131\u011f\u0131 ziyaretleri temel alarak reklamlarla ilgili bilgi toplamak, reklamlar\u0131 optimize etmek ve yay\u0131nlamak \u00fczere \u0130nternet Sitesi taraf\u0131ndan ve Google dahil \u00fc\u00e7\u00fcnc\u00fc taraf sa\u011flay\u0131c\u0131larca birinci taraf \u00e7erezler ile \u00fc\u00e7\u00fcnc\u00fc taraf \u00e7erezler birlikte kullan\u0131lmaktad\u0131r.<\/p>\n\n\n\n<p>5. Ki\u015fisel Kullan\u0131c\u0131 bilgileri, ancak resmi makamlarca talep edilmesi halinde ve y\u00fcr\u00fcrl\u00fckteki emredici mevzuat h\u00fck\u00fcmleri gere\u011fince a\u00e7\u0131klama yapmak zorunda olundu\u011fu durumlarda resmi makamlara a\u00e7\u0131klanacakt\u0131r.<\/p>\n\n\n\n<p>6. \u00d6deme sayfas\u0131nda talep edilen Kullan\u0131c\u0131 kredi kart\u0131 bilgileri, \u0130nternet Sitesi&#8217;nden al\u0131\u015fveri\u015f yapan Kullan\u0131c\u0131lar\u2019\u0131n g\u00fcvenli\u011fini en \u00fcst seviyede tutmak amac\u0131yla hi\u00e7bir \u015fekilde \u0130nternet Sitesi veya hizmet veren \u00fc\u00e7\u00fcnc\u00fc \u015firketlerin sunucular\u0131nda tutulmamaktad\u0131r. Bu \u015fekilde \u00f6demeye y\u00f6nelik t\u00fcm i\u015flemlerin \u0130nternet Sitesi aray\u00fcz\u00fc \u00fczerinden ilgili banka ile Kullan\u0131c\u0131\u2019n\u0131n kullanmakta oldu\u011fu cihaz aras\u0131nda ger\u00e7ekle\u015fmesi sa\u011flanmaktad\u0131r.<\/p>\n\n\n\n<p>7. Kullan\u0131c\u0131, i\u015fbu Gizlilik \u015eartlar\u0131\u2019n\u0131 onaylayarak, \u015eirket ile payla\u015fm\u0131\u015f oldu\u011fu bilgilerin \u015fahs\u0131na ait oldu\u011funu ve bu bilgilerin, sat\u0131\u015f ve pazarlama faaliyetlerinin y\u00fcr\u00fct\u00fclebilmesi amac\u0131yla ve her t\u00fcrl\u00fc ileti\u015fim arac\u0131na uygun bildiriminin sa\u011flanmas\u0131 i\u00e7in \u015eirket\u2019in i\u015ftiraki olan di\u011fer t\u00fczel ki\u015filer ile de payla\u015f\u0131labilece\u011fine onay vermektedir.<\/p>\n\n\n\n<p>8. \u0130nternet Sitesi \u00fcyeli\u011fi \u00e7er\u00e7evesinde g\u00f6nderilen e-postalar\u0131n alt k\u0131sm\u0131nda bulunan \u201cKampanya duyurular\u0131ndan haberdar olmak istemiyorsan\u0131z l\u00fctfen t\u0131klay\u0131n\u0131z.\u201d linkine t\u0131klayarak, veya site \u00fczerinden &#8220;Hesab\u0131m&#8221; b\u00f6l\u00fcm\u00fcnde bulunan &#8220;\u00dcyelik Bilgileri G\u00fcncelleme&#8221; alan\u0131nda &#8220;Reklam ve duyuru e-postalar\u0131n\u0131 almak istiyorum&#8221; se\u00e7ene\u011fini bo\u015f b\u0131rakarak e-posta g\u00f6nderim listesinden her zaman \u00e7\u0131k\u0131\u015f yap\u0131labilmektedir.<\/p>\n\n\n\n<p><strong>\u00c7EREZ POL\u0130T\u0130KASI<\/strong><\/p>\n\n\n\n<p>www.erolive.com.tr olarak, web sitemizin kullan\u0131m\u0131n\u0131 kolayla\u015ft\u0131rmak ve sitemizin kullan\u0131m\u0131n\u0131 ki\u015fiselle\u015ftirmek amac\u0131yla \u00e7erezler, piksel etiketleri (&#8220;pikseller&#8221;) ve yerel saklama teknolojileri kullanmaktay\u0131z. Bu sayfan\u0131n, an\u0131lan teknolojilerin ni\u00e7in kullan\u0131ld\u0131klar\u0131n\u0131 ve bunlar\u0131 kontrol etmeyi veya -tercihiniz bu y\u00f6ndeyse- silmeyi anlaman\u0131za yard\u0131mc\u0131 olmas\u0131n\u0131 istiyoruz.<\/p>\n\n\n\n<p>\u00c7erez Nedir?<\/p>\n\n\n\n<p>G\u00fcn\u00fcm\u00fczde neredeyse her web sitesi \u00e7erez kullanmaktad\u0131r. Size daha iyi, h\u0131zl\u0131 ve g\u00fcvenli bir deneyim sa\u011flamak i\u00e7in, \u00e7o\u011fu internet sitesi gibi biz de \u00e7erezler kullan\u0131yoruz. \u00c7erez, bir web sitesini ziyaret etti\u011finizde cihaz\u0131n\u0131za (\u00f6rne\u011fin; bilgisayar veya cep telefonu) depolanan k\u00fc\u00e7\u00fck bir metin dosyas\u0131d\u0131r. \u00c7erezler, bir web sitesini ilk ziyaretiniz s\u0131ras\u0131nda taray\u0131c\u0131n\u0131z arac\u0131l\u0131\u011f\u0131yla cihaz\u0131n\u0131za depolanabilirler. Ayn\u0131 siteyi ayn\u0131 cihazla tekrar ziyaret etti\u011finizde taray\u0131c\u0131n\u0131z cihaz\u0131n\u0131zda site ad\u0131na kay\u0131tl\u0131 bir \u00e7erez olup olmad\u0131\u011f\u0131n\u0131 kontrol eder. E\u011fer kay\u0131t var ise, kayd\u0131n i\u00e7indeki veriyi ziyaret etmekte oldu\u011funuz web sitesine iletir. Bu sayede web sitesi, sizin siteyi daha \u00f6nce ziyaret etti\u011finizi anlar ve size iletilecek i\u00e7eri\u011fi de ona g\u00f6re tayin eder.<\/p>\n\n\n\n<p>\u00c7erezler Neden Kullan\u0131l\u0131r?<\/p>\n\n\n\n<p>Baz\u0131 \u00e7erezler, daha \u00f6nceki ziyaretlerinizde kulland\u0131\u011f\u0131n\u0131z tercihlerin web sitesi taraf\u0131ndan hat\u0131rlanmas\u0131n\u0131 sa\u011flayarak, sonraki ziyaretlerinizin \u00e7ok daha kullan\u0131c\u0131 dostu ve ki\u015fiselle\u015ftirilmi\u015f bir deneyim sunmas\u0131n\u0131 sa\u011flar.<\/p>\n\n\n\n<p>\u00c7erezleri Kontrol Etme ve Silme<\/p>\n\n\n\n<p>\u00c7erezlerin kullan\u0131m\u0131na ili\u015fkin tercihlerinizi de\u011fi\u015ftirmek ya da \u00e7erezleri engellemek veya silmek i\u00e7in taray\u0131c\u0131n\u0131z\u0131n ayarlar\u0131n\u0131 de\u011fi\u015ftirmeniz yeterlidir. Bir\u00e7ok taray\u0131c\u0131 \u00e7erezleri kontrol edebilmeniz i\u00e7in size \u00e7erezleri kabul etme veya reddetme, yaln\u0131zca belirli t\u00fcrdeki \u00e7erezleri kabul etme ya da bir web sitesi cihaz\u0131n\u0131za \u00e7erez depolamay\u0131 talep etti\u011finde taray\u0131c\u0131 taraf\u0131ndan uyar\u0131lma se\u00e7ene\u011fi sunar. Ayn\u0131 zamanda daha \u00f6nce taray\u0131c\u0131n\u0131za kaydedilmi\u015f \u00e7erezlerin silinmesi de m\u00fcmk\u00fcnd\u00fcr. \u00c7erezleri kontrol edilmesine veya silinmesine ili\u015fkin i\u015flemler kulland\u0131\u011f\u0131n\u0131z taray\u0131c\u0131ya g\u00f6re de\u011fi\u015febilmektedir. Baz\u0131 pop\u00fcler taray\u0131c\u0131lar\u0131n \u00e7erezlere izin verme ya da \u00e7erezleri engelleme veya silme talimatlar\u0131na a\u015fa\u011f\u0131daki linklerden ula\u015f\u0131lmas\u0131 m\u00fcmk\u00fcnd\u00fcr.<\/p>\n\n\n\n<p>www.erolive.com.tr Taraf\u0131ndan Kullan\u0131lan \u00c7erezler<\/p>\n\n\n\n<p>Web sitemizde kullan\u0131lan hi\u00e7bir \u00e7erez, kimli\u011finizin saptanmas\u0131na yarayacak verileri i\u015flememektedir. A\u015fa\u011f\u0131da web sitemizde kullan\u0131lmakta olan \u00e7erez t\u00fcrleri ve bu \u00e7erezlerin hangi ama\u00e7la kullan\u0131ld\u0131klar\u0131 detayl\u0131 bir \u015fekilde ortaya konmu\u015ftur.<\/p>\n\n\n\n<p>Kategori 1- Kesinlikle Gerekli \u00c7erezler<\/p>\n\n\n\n<p>Bu \u00e7erezler, web sitesini dola\u015fman\u0131za ve web sitesinin g\u00fcvenli alanlar\u0131na eri\u015fmenin sa\u011flanmas\u0131 ve izinlerin ortaya konmas\u0131 i\u00e7in \u00f6nemlidir. Bu \u00e7erezler olmadan, sitemizde bulunan al\u0131\u015fveri\u015f sepeti veya \u00f6deme sayfas\u0131 gibi talep etti\u011finiz hizmetler sa\u011flanamaz.<\/p>\n\n\n\n<p>\u00c7EREZ&nbsp; \u00c7EREZ&#8217;\u0130N TANIMI<\/p>\n\n\n\n<p>erolive Sitede oturum kayd\u0131n\u0131z\u0131 takip edebilmemiz i\u00e7in kulland\u0131\u011f\u0131m\u0131z \u00e7erezdir.<\/p>\n\n\n\n<p>Lang Sitenin g\u00f6r\u00fcnt\u00fclendi\u011fi dili ifade eden \u00e7erezdir. Aray\u00fczde g\u00f6r\u00fcnt\u00fclenecek dili belirler.<\/p>\n\n\n\n<p>erolive_pop Sitede bir popup kullan\u0131l\u0131yorsa g\u00f6sterilip g\u00f6sterilmedi\u011finin kayd\u0131n\u0131 tutmak i\u00e7in \u00fcretilen \u00e7erezdir, cookieconsent_status \u00c7erez Politikas\u0131 bildirimi i\u00e7in \u00fcretilen \u00e7erezdir. Kayd\u0131 tutularak bu bildirimin tekrar g\u00f6r\u00fcnt\u00fclenmemesi sa\u011flan\u0131r.<\/p>\n\n\n\n<p>Kategori 2- &#8216;Performans&#8217; \u00c7erezleri<\/p>\n\n\n\n<p>Bu \u00e7erezler, ziyaret\u00e7ilerimizin web sitesini nas\u0131l kulland\u0131klar\u0131 hakk\u0131nda bilgi toplamaktad\u0131r. \u00d6rne\u011fin, hangi ziyaret\u00e7ilerin en s\u0131k gidecekleri sayfalar\u0131 ve web sayfalar\u0131ndan hata mesajlar\u0131 al\u0131p almad\u0131klar\u0131n\u0131 bilmemizi sa\u011flar. Bu \u00e7erezler, bir ziyaret\u00e7iyi tan\u0131mlayan bilgileri de\u011fil anonim olar<\/p>\n\n\n\n<p>\u00c7EREZ&nbsp; \u00c7EREZ&#8217;\u0130N TANIMI<\/p>\n\n\n\n<p>_ga&nbsp;&nbsp;&nbsp;&nbsp;&nbsp; Google Universal Analytics ile ili\u015fkisi olan bir \u00e7erezdir. Bu \u00e7erez, istemci tan\u0131mlay\u0131c\u0131s\u0131 olarak rastgele olu\u015fturulmu\u015f bir numara atayarak benzersiz kullan\u0131c\u0131lar\u0131 ay\u0131rmak i\u00e7in kullan\u0131l\u0131r. Sitelerin analiz raporlar\u0131 i\u00e7in ziyaret\u00e7i, oturum ve kampanya verilerini hesaplamak i\u00e7in kullan\u0131l\u0131r.<\/p>\n\n\n\n<p>_gat&nbsp;&nbsp;&nbsp;&nbsp; Google Universal Analytics ile ili\u015fkilidir &#8211; y\u00fcksek trafik alanlar\u0131ndaki verilerin toplanmas\u0131n\u0131 s\u0131n\u0131rlar<\/p>\n\n\n\n<p>_gid&nbsp;&nbsp;&nbsp;&nbsp; Tek bir taray\u0131c\u0131 oturumu s\u0131ras\u0131nda bir ziyaret\u00e7iyi benzersiz \u015fekilde tan\u0131mlar ve bir hedef kitleye \u00f6rnek oldu\u011funu g\u00f6sterir.<\/p>\n\n\n\n<p>_cfduid&nbsp;&nbsp;&nbsp;&nbsp;&nbsp;&nbsp;&nbsp;&nbsp;&nbsp;&nbsp;&nbsp; Cloudflare servisleri kullan\u0131lmas\u0131 durumunda \u00fcretilecek \u00e7erezdir. Benzersiz kullan\u0131c\u0131 ID&#8217;si atayarak raporlama ve analiz yap\u0131lmas\u0131 i\u00e7in kullan\u0131l\u0131r.<\/p>\n\n\n\n<p>Kategori 3- Hedefleme \/ Reklam \u00c7erezleri<\/p>\n\n\n\n<p>Bu \u00e7erezler, reklamlar\u0131 sizinle ilgi alanlar\u0131n\u0131za uygun olarak reklam kampanyas\u0131n\u0131n etkinli\u011fini ve reklam say\u0131s\u0131n\u0131 \u00f6l\u00e7mek i\u00e7in kullan\u0131lmaktad\u0131r. Genellikle web sitesi operat\u00f6r\u00fcn\u00fcn izniyle reklam a\u011flar\u0131 taraf\u0131ndan yerle\u015ftirilirler. Ziyaret etti\u011finiz web sitelerini hat\u0131rl\u0131yorlar ve bu bilgiler 3. Ki\u015fi niteli\u011findeki reklam verenler gibi di\u011fer kurulu\u015flarla payla\u015f\u0131lmaktad\u0131r. \u00c7ok s\u0131kl\u0131kla \u00e7erezler hedefleme amac\u0131yla di\u011fer reklamlar\u0131n sitelerine link vermektedir. Bu kategoride \u00e7erez kullanm\u0131yoruz.<\/p>\n","protected":false},"excerpt":{"rendered":"<p>G\u0130ZL\u0130L\u0130K \u015eARTLARI 1. www.erolive.com.tr (\u201c\u015eirket\u201d) taraf\u0131ndan i\u015fletilen \u201cwww.erolive.com.tr\u201d adresindeki internet sitesi (\u201c\u0130nternet Sitesi\u201d), \u0130nternet Sitesini herhangi bir \u015fekilde ziyaret eden ve\/veya kullanan ki\u015filere (\u201cKullan\u0131c\u0131\u201d) daha iyi hizmet verebilmek amac\u0131yla baz\u0131 ki\u015fisel bilgiler (isim, ya\u015f, e-posta adresi, vb.) talep edilmektedir. \u0130nternet Sitesi ile toplanan bu veriler; kampanya \u00e7al\u0131\u015fmalar\u0131 veya Kullan\u0131c\u0131\u2019n\u0131n hesab\u0131na y\u00f6nelik \u00f6zel promosyon faaliyetlerinin yap\u0131labilmesi [&hellip;]<\/p>\n","protected":false},"author":1,"featured_media":0,"parent":0,"menu_order":0,"comment_status":"closed","ping_status":"closed","template":"","meta":{"footnotes":""},"class_list":["post-55","page","type-page","status-publish","hentry"],"_links":{"self":[{"href":"http:\/\/www.erolive.com.tr\/tr\/wp-json\/wp\/v2\/pages\/55"}],"collection":[{"href":"http:\/\/www.erolive.com.tr\/tr\/wp-json\/wp\/v2\/pages"}],"about":[{"href":"http:\/\/www.erolive.com.tr\/tr\/wp-json\/wp\/v2\/types\/page"}],"author":[{"embeddable":true,"href":"http:\/\/www.erolive.com.tr\/tr\/wp-json\/wp\/v2\/users\/1"}],"replies":[{"embeddable":true,"href":"http:\/\/www.erolive.com.tr\/tr\/wp-json\/wp\/v2\/comments?post=55"}],"version-history":[{"count":2,"href":"http:\/\/www.erolive.com.tr\/tr\/wp-json\/wp\/v2\/pages\/55\/revisions"}],"predecessor-version":[{"id":58,"href":"http:\/\/www.erolive.com.tr\/tr\/wp-json\/wp\/v2\/pages\/55\/revisions\/58"}],"wp:attachment":[{"href":"http:\/\/www.erolive.com.tr\/tr\/wp-json\/wp\/v2\/media?parent=55"}],"curies":[{"name":"wp","href":"https:\/\/api.w.org\/{rel}","templated":true}]}}